{"id":2113,"date":"2022-11-15T08:23:33","date_gmt":"2022-11-15T08:23:33","guid":{"rendered":"https:\/\/wellmont.qodeinteractive.com\/?page_id=2113"},"modified":"2024-07-31T06:11:03","modified_gmt":"2024-07-31T06:11:03","slug":"programa-de-parejas","status":"publish","type":"page","link":"https:\/\/sinethmelinkoff.com\/en\/programa-de-parejas\/","title":{"rendered":"Programa de parejas"},"content":{"rendered":"<div data-elementor-type=\"wp-page\" data-elementor-id=\"2113\" class=\"elementor elementor-2113\">\n\t\t\t\t\t\t<section class=\"elementor-section elementor-top-section elementor-element elementor-element-01917ef elementor-section-full_width elementor-section-height-default elementor-section-height-default\" data-id=\"01917ef\" data-element_type=\"section\" data-e-type=\"section\" data-settings=\"{&quot;background_background&quot;:&quot;classic&quot;}\">\n\t\t\t\t\t\t<div class=\"elementor-container elementor-column-gap-default\">\n\t\t\t\t\t<div class=\"elementor-column elementor-col-50 elementor-top-column elementor-element elementor-element-b02cab7\" data-id=\"b02cab7\" data-element_type=\"column\" data-e-type=\"column\">\n\t\t\t<div class=\"elementor-widget-wrap elementor-element-populated\">\n\t\t\t\t\t\t<div class=\"elementor-element elementor-element-eeb776b elementor-widget elementor-widget-wellmont_core_single_image\" data-id=\"eeb776b\" data-element_type=\"widget\" data-e-type=\"widget\" data-widget_type=\"wellmont_core_single_image.default\">\n\t\t\t\t<div class=\"elementor-widget-container\">\n\t\t\t\t\t<div class=\"qodef-shortcode qodef-m  qodef-single-image qodef-layout--default\">\n\t\t\t<div class=\"qodef-m-image\">\n\t\t\t\t\t\t\t\t<img fetchpriority=\"high\" decoding=\"async\" width=\"1254\" height=\"836\" src=\"https:\/\/sinethmelinkoff.com\/wp-content\/uploads\/2024\/07\/iStock-1060214654-1.jpg\" class=\"attachment-full size-full\" alt=\"\" srcset=\"https:\/\/sinethmelinkoff.com\/wp-content\/uploads\/2024\/07\/iStock-1060214654-1.jpg 1254w, https:\/\/sinethmelinkoff.com\/wp-content\/uploads\/2024\/07\/iStock-1060214654-1-300x200.jpg 300w, https:\/\/sinethmelinkoff.com\/wp-content\/uploads\/2024\/07\/iStock-1060214654-1-1024x683.jpg 1024w, https:\/\/sinethmelinkoff.com\/wp-content\/uploads\/2024\/07\/iStock-1060214654-1-768x512.jpg 768w, https:\/\/sinethmelinkoff.com\/wp-content\/uploads\/2024\/07\/iStock-1060214654-1-18x12.jpg 18w, https:\/\/sinethmelinkoff.com\/wp-content\/uploads\/2024\/07\/iStock-1060214654-1-600x400.jpg 600w\" sizes=\"(max-width: 1254px) 100vw, 1254px\" \/>\t\t\t\t\t\t\t<\/div>\n\t<\/div>\n\t\t\t\t<\/div>\n\t\t\t\t<\/div>\n\t\t\t\t\t<\/div>\n\t\t<\/div>\n\t\t\t\t<div class=\"elementor-column elementor-col-50 elementor-top-column elementor-element elementor-element-aa181de\" data-id=\"aa181de\" data-element_type=\"column\" data-e-type=\"column\">\n\t\t\t<div class=\"elementor-widget-wrap elementor-element-populated\">\n\t\t\t\t\t\t<div class=\"elementor-element elementor-element-dd7c1a1 elementor-widget elementor-widget-wellmont_core_section_title\" data-id=\"dd7c1a1\" data-element_type=\"widget\" data-e-type=\"widget\" data-widget_type=\"wellmont_core_section_title.default\">\n\t\t\t\t<div class=\"elementor-widget-container\">\n\t\t\t\t\t<div class=\"qodef-shortcode qodef-m  qodef-section-title qodef-alignment--left\">\n\t\t<div class=\"qodef-m-supertitle\" >\n\t\t<h6 class=\"qodef-m-supertitle-text\">6 semanas de trabajo grupal<\/h6>\n\t<\/div>\n\t\t<h3 class=\"qodef-m-title\" >\n\t\t\t\t\tPara construir una pareja real y sana para los dos\t\t\t<\/h3>\n\t\t<\/div>\n\t\t\t\t<\/div>\n\t\t\t\t<\/div>\n\t\t\t\t<div class=\"elementor-element elementor-element-fe78fca elementor-widget elementor-widget-text-editor\" data-id=\"fe78fca\" data-element_type=\"widget\" data-e-type=\"widget\" data-widget_type=\"text-editor.default\">\n\t\t\t\t<div class=\"elementor-widget-container\">\n\t\t\t\t\t\t\t\t\t<p><span style=\"font-family: 'Lato',sans-serif;\">No trabajamos con parejas que en situaciones actuales no puedan realmente sacar provecho de nuestro programa y necesiten otro tipo de terapia. <\/span><\/p><p><span style=\"font-family: 'Lato',sans-serif;\">Este programa esta\u0301 enfocado en aquellas que quieran construir sus propias formas y crear dina\u0301micas ma\u0301s sanas y nutritivas para ambos miembros. <\/span><\/p><p><span style=\"font-family: 'Lato',sans-serif;\">Para personas conscientes del poder de entenderse y mirarse como individuos para ser mejores parejas y crear un vi\u0301nculo u\u0301nico. <\/span><\/p><p><b><span style=\"font-family: 'Lato',sans-serif;\">No idealizamos la pareja.<br \/>Buscamos construir v\u00ednculos sanos y nutritivos mientras este\u0301n establecidos. <\/span><\/b><\/p>\t\t\t\t\t\t\t\t<\/div>\n\t\t\t\t<\/div>\n\t\t\t\t\t<\/div>\n\t\t<\/div>\n\t\t\t\t\t<\/div>\n\t\t<\/section>\n\t\t\t\t<section class=\"elementor-section elementor-top-section elementor-element elementor-element-4d3429d elementor-section-full_width reverse-column elementor-section-height-default elementor-section-height-default\" data-id=\"4d3429d\" data-element_type=\"section\" data-e-type=\"section\" data-settings=\"{&quot;background_background&quot;:&quot;classic&quot;}\">\n\t\t\t\t\t\t<div class=\"elementor-container elementor-column-gap-default\">\n\t\t\t\t\t<div class=\"elementor-column elementor-col-50 elementor-top-column elementor-element elementor-element-1289db3\" data-id=\"1289db3\" data-element_type=\"column\" data-e-type=\"column\">\n\t\t\t<div class=\"elementor-widget-wrap elementor-element-populated\">\n\t\t\t\t\t\t<section class=\"elementor-section elementor-inner-section elementor-element elementor-element-37dfe34 elementor-section-full_width elementor-section-height-default elementor-section-height-default\" data-id=\"37dfe34\" data-element_type=\"section\" data-e-type=\"section\">\n\t\t\t\t\t\t<div class=\"elementor-container elementor-column-gap-custom\">\n\t\t\t\t\t<div class=\"elementor-column elementor-col-100 elementor-inner-column elementor-element elementor-element-7efaf8f\" data-id=\"7efaf8f\" data-element_type=\"column\" data-e-type=\"column\">\n\t\t\t<div class=\"elementor-widget-wrap elementor-element-populated\">\n\t\t\t\t\t\t<div class=\"elementor-element elementor-element-656e387 elementor-widget elementor-widget-wellmont_core_section_title\" data-id=\"656e387\" data-element_type=\"widget\" data-e-type=\"widget\" data-widget_type=\"wellmont_core_section_title.default\">\n\t\t\t\t<div class=\"elementor-widget-container\">\n\t\t\t\t\t<div class=\"qodef-shortcode qodef-m  qodef-section-title qodef-alignment--left\">\n\t\t\t<h3 class=\"qodef-m-title\" >\n\t\t\t\t\tNuestro programa es una terapia de pareja grupal. Y trabajamos en: \t\t\t<\/h3>\n\t\t<\/div>\n\t\t\t\t<\/div>\n\t\t\t\t<\/div>\n\t\t\t\t<div class=\"elementor-element elementor-element-5328e02 elementor-widget elementor-widget-text-editor\" data-id=\"5328e02\" data-element_type=\"widget\" data-e-type=\"widget\" data-widget_type=\"text-editor.default\">\n\t\t\t\t<div class=\"elementor-widget-container\">\n\t\t\t\t\t\t\t\t\t<ul><li>Comprender la historia de la relacio\u0301n e identificar a\u0301reas de trabajo a partir de esa historia.<\/li><li>Descubrir el momento evolutivo de la relacio\u0301n para comprender la interrelacio\u0301n del momento y anticipar posibles situaciones futuras de conflicto.<\/li><li>Hacer tangibles y conscientes los recursos con los cuales cuenta la pareja.<\/li><li>Identificar debilidades para mirar con claridad las situaciones.<\/li><li>Trabajar el dia\u0301logo como forma de comunicacio\u0301n fundamental.<\/li><li>Resaltar el concepto de equipo entendiendo que la pareja es una unidad, no un nosotros.<\/li><li>Fortalecer y trabajar los elementos de la sexualidad como forma de comunicacio\u0301n, acercamiento y afianzamiento del v\u00ednculo.<\/li><\/ul><p style=\"margin-left: .5in;\"><b><i><span style=\"font-family: 'Lato',sans-serif;\">Nuestro programa de parejas replantea la forma de entender a la pareja.<\/span><\/i><\/b><\/p>\t\t\t\t\t\t\t\t<\/div>\n\t\t\t\t<\/div>\n\t\t\t\t\t<\/div>\n\t\t<\/div>\n\t\t\t\t\t<\/div>\n\t\t<\/section>\n\t\t\t\t\t<\/div>\n\t\t<\/div>\n\t\t\t\t<div class=\"elementor-column elementor-col-50 elementor-top-column elementor-element elementor-element-fe48a2d video-col\" data-id=\"fe48a2d\" data-element_type=\"column\" data-e-type=\"column\">\n\t\t\t<div class=\"elementor-widget-wrap elementor-element-populated\">\n\t\t\t\t\t\t<div class=\"elementor-element elementor-element-ab45132 elementor-widget__width-initial elementor-widget elementor-widget-video\" data-id=\"ab45132\" data-element_type=\"widget\" data-e-type=\"widget\" data-settings=\"{&quot;video_type&quot;:&quot;vimeo&quot;}\" data-widget_type=\"video.default\">\n\t\t\t\t<div class=\"elementor-widget-container\">\n\t\t\t\t\t\t\t<div class=\"elementor-wrapper elementor-open-inline\">\n\t\t\t<iframe class=\"elementor-video-iframe\" allowfullscreen allow=\"clipboard-write\" title=\"vimeo Video Player\" src=\"https:\/\/player.vimeo.com\/video\/989683654?color&amp;autopause=0&amp;loop=0&amp;muted=0&amp;title=1&amp;portrait=1&amp;byline=1#t=\" data-no-translation-title=\"\"><\/iframe>\t\t<\/div>\n\t\t\t\t\t\t<\/div>\n\t\t\t\t<\/div>\n\t\t\t\t\t<\/div>\n\t\t<\/div>\n\t\t\t\t\t<\/div>\n\t\t<\/section>\n\t\t\t\t<section class=\"elementor-section elementor-top-section elementor-element elementor-element-4c8e636 elementor-section-full_width elementor-section-height-default elementor-section-height-default\" data-id=\"4c8e636\" data-element_type=\"section\" data-e-type=\"section\" data-settings=\"{&quot;background_background&quot;:&quot;classic&quot;}\">\n\t\t\t\t\t\t<div class=\"elementor-container elementor-column-gap-default\">\n\t\t\t\t\t<div class=\"elementor-column elementor-col-50 elementor-top-column elementor-element elementor-element-a93320a\" data-id=\"a93320a\" data-element_type=\"column\" data-e-type=\"column\">\n\t\t\t<div class=\"elementor-widget-wrap elementor-element-populated\">\n\t\t\t\t\t\t<div class=\"elementor-element elementor-element-8577b1e elementor-widget elementor-widget-qi_addons_for_elementor_section_title\" data-id=\"8577b1e\" data-element_type=\"widget\" data-e-type=\"widget\" data-widget_type=\"qi_addons_for_elementor_section_title.default\">\n\t\t\t\t<div class=\"elementor-widget-container\">\n\t\t\t\t\t<div class=\"qodef-shortcode qodef-m qodef-qi-section-title qodef-decoration--italic qodef-link--underline-draw qodef-subtitle-icon--left\">\n\t\t\t\t<h4 class=\"qodef-m-subtitle\">\n\t\tC\u00f3mo lo hacemos:\t\t\t<\/h4>\n\t\t\t\t\t<div class=\"qodef-m-text\"><p>Durante nuestros a\u00f1os de experiencia, hemos identificado \u00e1reas de conflicto recurrentes en las parejas. Este programa est\u00e1 dise\u00f1ado para ayudar a identificar esos conflictos y desarrollar herramientas personalizadas para resolverlos, potenciando el crecimiento y bienestar de la pareja.<\/p><p>Trabajamos en la deconstrucci\u00f3n de aspectos no sanos y en la construcci\u00f3n de un v\u00ednculo saludable y gratificante. Compartir experiencias en el grupo facilita el reconocimiento y cambio hacia el bienestar.<\/p><\/div>\n\t<\/div>\n\t\t\t\t<\/div>\n\t\t\t\t<\/div>\n\t\t\t\t\t<\/div>\n\t\t<\/div>\n\t\t\t\t<div class=\"elementor-column elementor-col-50 elementor-top-column elementor-element elementor-element-9cb15da\" data-id=\"9cb15da\" data-element_type=\"column\" data-e-type=\"column\">\n\t\t\t<div class=\"elementor-widget-wrap elementor-element-populated\">\n\t\t\t\t\t\t<div class=\"elementor-element elementor-element-6d6be0b elementor-widget elementor-widget-qi_addons_for_elementor_section_title\" data-id=\"6d6be0b\" data-element_type=\"widget\" data-e-type=\"widget\" data-widget_type=\"qi_addons_for_elementor_section_title.default\">\n\t\t\t\t<div class=\"elementor-widget-container\">\n\t\t\t\t\t<div class=\"qodef-shortcode qodef-m qodef-qi-section-title qodef-decoration--italic qodef-link--underline-draw qodef-subtitle-icon--left\">\n\t\t\t\t<h4 class=\"qodef-m-subtitle\">\n\t\tLo que incluye:\t\t\t<\/h4>\n\t\t\t\t\t<div class=\"qodef-m-text\"><ul><li><strong>El programa incluye sesiones grupales semanales de 2:30 horas durante 6-8 semanas, con un cupo m\u00e1ximo de 4-6 parejas.<\/strong><\/li><\/ul><\/div>\n\t<\/div>\n\t\t\t\t<\/div>\n\t\t\t\t<\/div>\n\t\t\t\t<div class=\"elementor-element elementor-element-66d23ce elementor-widget elementor-widget-qi_addons_for_elementor_section_title\" data-id=\"66d23ce\" data-element_type=\"widget\" data-e-type=\"widget\" data-widget_type=\"qi_addons_for_elementor_section_title.default\">\n\t\t\t\t<div class=\"elementor-widget-container\">\n\t\t\t\t\t<div class=\"qodef-shortcode qodef-m qodef-qi-section-title qodef-decoration--italic qodef-link--underline-draw qodef-subtitle-icon--left\">\n\t\t\t\t\t\t\t\t<div class=\"qodef-m-text\"><ul><li>Se comienza con una entrevista individual para determinar las necesidades de cada pareja.<\/li><\/ul><\/div>\n\t<\/div>\n\t\t\t\t<\/div>\n\t\t\t\t<\/div>\n\t\t\t\t\t<\/div>\n\t\t<\/div>\n\t\t\t\t\t<\/div>\n\t\t<\/section>\n\t\t\t\t<section class=\"elementor-section elementor-top-section elementor-element elementor-element-e5e1df2 elementor-section-full_width elementor-section-height-default elementor-section-height-default\" data-id=\"e5e1df2\" data-element_type=\"section\" data-e-type=\"section\" data-settings=\"{&quot;background_background&quot;:&quot;classic&quot;}\">\n\t\t\t\t\t\t<div class=\"elementor-container elementor-column-gap-default\">\n\t\t\t\t\t<div class=\"elementor-column elementor-col-50 elementor-top-column elementor-element elementor-element-3e27e2a\" data-id=\"3e27e2a\" data-element_type=\"column\" data-e-type=\"column\">\n\t\t\t<div class=\"elementor-widget-wrap elementor-element-populated\">\n\t\t\t\t\t\t<div class=\"elementor-element elementor-element-c282b83 elementor-widget elementor-widget-wellmont_core_single_image\" data-id=\"c282b83\" data-element_type=\"widget\" data-e-type=\"widget\" data-widget_type=\"wellmont_core_single_image.default\">\n\t\t\t\t<div class=\"elementor-widget-container\">\n\t\t\t\t\t<div class=\"qodef-shortcode qodef-m  qodef-single-image qodef-layout--default\">\n\t\t\t<div class=\"qodef-m-image\">\n\t\t\t\t\t\t\t\t<img decoding=\"async\" width=\"2560\" height=\"1920\" src=\"https:\/\/sinethmelinkoff.com\/wp-content\/uploads\/2024\/07\/IMG_0276-copy-scaled.jpg\" class=\"attachment-full size-full\" alt=\"\" srcset=\"https:\/\/sinethmelinkoff.com\/wp-content\/uploads\/2024\/07\/IMG_0276-copy-scaled.jpg 2560w, https:\/\/sinethmelinkoff.com\/wp-content\/uploads\/2024\/07\/IMG_0276-copy-300x225.jpg 300w, https:\/\/sinethmelinkoff.com\/wp-content\/uploads\/2024\/07\/IMG_0276-copy-1024x768.jpg 1024w, https:\/\/sinethmelinkoff.com\/wp-content\/uploads\/2024\/07\/IMG_0276-copy-768x576.jpg 768w, https:\/\/sinethmelinkoff.com\/wp-content\/uploads\/2024\/07\/IMG_0276-copy-1536x1152.jpg 1536w, https:\/\/sinethmelinkoff.com\/wp-content\/uploads\/2024\/07\/IMG_0276-copy-2048x1536.jpg 2048w, https:\/\/sinethmelinkoff.com\/wp-content\/uploads\/2024\/07\/IMG_0276-copy-16x12.jpg 16w\" sizes=\"(max-width: 2560px) 100vw, 2560px\" \/>\t\t\t\t\t\t\t<\/div>\n\t<\/div>\n\t\t\t\t<\/div>\n\t\t\t\t<\/div>\n\t\t\t\t\t<\/div>\n\t\t<\/div>\n\t\t\t\t<div class=\"elementor-column elementor-col-50 elementor-top-column elementor-element elementor-element-4fedb56\" data-id=\"4fedb56\" data-element_type=\"column\" data-e-type=\"column\">\n\t\t\t<div class=\"elementor-widget-wrap elementor-element-populated\">\n\t\t\t\t\t\t<div class=\"elementor-element elementor-element-44654f3 elementor-widget elementor-widget-qi_addons_for_elementor_section_title\" data-id=\"44654f3\" data-element_type=\"widget\" data-e-type=\"widget\" data-widget_type=\"qi_addons_for_elementor_section_title.default\">\n\t\t\t\t<div class=\"elementor-widget-container\">\n\t\t\t\t\t<div class=\"qodef-shortcode qodef-m qodef-qi-section-title qodef-decoration--italic qodef-link--underline-draw qodef-subtitle-icon--left\">\n\t\t\t\t<h5 class=\"qodef-m-subtitle\">\n\t\t\u00bfEst\u00e1s interesado?\t\t\t<\/h5>\n\t\t\t<h3 class=\"qodef-m-title\">\n\t\tInscripci\u00f3n:\t<\/h3>\n\t\t\t<\/div>\n\t\t\t\t<\/div>\n\t\t\t\t<\/div>\n\t\t\t\t<div class=\"elementor-element elementor-element-1990d2e elementor-widget elementor-widget-qi_addons_for_elementor_section_title\" data-id=\"1990d2e\" data-element_type=\"widget\" data-e-type=\"widget\" data-widget_type=\"qi_addons_for_elementor_section_title.default\">\n\t\t\t\t<div class=\"elementor-widget-container\">\n\t\t\t\t\t<div class=\"qodef-shortcode qodef-m qodef-qi-section-title qodef-decoration--italic qodef-link--underline-draw qodef-subtitle-icon--left\">\n\t\t\t\t<h5 class=\"qodef-m-subtitle\">\n\t\tLas parejas interesadas pueden postularse para una entrevista diagn\u00f3stica inicial (sin costo).\t\t\t<\/h5>\n\t\t\t\t\t<\/div>\n\t\t\t\t<\/div>\n\t\t\t\t<\/div>\n\t\t\t\t<div class=\"elementor-element elementor-element-2867975 big-btn elementor-widget elementor-widget-wellmont_core_button\" data-id=\"2867975\" data-element_type=\"widget\" data-e-type=\"widget\" data-widget_type=\"wellmont_core_button.default\">\n\t\t\t\t<div class=\"elementor-widget-container\">\n\t\t\t\t\t<a class=\"qodef-shortcode qodef-m  qodef-button qodef-layout--filled  qodef-html--link\" href=\"\/en\/llamada-diagnostica\/\" target=\"_self\" data-hover-color=\"#161B42\" data-hover-background-color=\"#0B044900\" data-hover-border-color=\"#161B42\" style=\"color: #161B42;background-color: #E0A348;border-color: #E0A348\">\n\t<span class=\"qodef-m-text\">Quiero postularme al programa<\/span>\n<\/a>\n\t\t\t\t<\/div>\n\t\t\t\t<\/div>\n\t\t\t\t\t<\/div>\n\t\t<\/div>\n\t\t\t\t\t<\/div>\n\t\t<\/section>\n\t\t\t\t<section class=\"elementor-section elementor-top-section elementor-element elementor-element-28b0ed6 elementor-section-full_width qodef-elementor-content-grid elementor-section-height-default elementor-section-height-default\" data-id=\"28b0ed6\" data-element_type=\"section\" data-e-type=\"section\">\n\t\t\t\t\t\t<div class=\"elementor-container elementor-column-gap-default\">\n\t\t\t\t\t<div class=\"elementor-column elementor-col-50 elementor-top-column elementor-element elementor-element-9b33233\" data-id=\"9b33233\" data-element_type=\"column\" data-e-type=\"column\">\n\t\t\t<div class=\"elementor-widget-wrap elementor-element-populated\">\n\t\t\t\t\t\t<div class=\"elementor-element elementor-element-812a486 elementor-widget elementor-widget-wellmont_core_section_title\" data-id=\"812a486\" data-element_type=\"widget\" data-e-type=\"widget\" data-widget_type=\"wellmont_core_section_title.default\">\n\t\t\t\t<div class=\"elementor-widget-container\">\n\t\t\t\t\t<div class=\"qodef-shortcode qodef-m  qodef-section-title qodef-alignment--left\">\n\t\t<div class=\"qodef-m-supertitle\" >\n\t\t<h6 class=\"qodef-m-supertitle-text\">suscr\u00edbete<\/h6>\n\t<\/div>\n\t\t<h3 class=\"qodef-m-title\" >\n\t\t\t\t\tRecibe informaci\u00f3n sobre mis cursos, actividades y art\u00edculos\t\t\t<\/h3>\n\t\t\t<p class=\"qodef-m-text\" style=\"margin-top: 17px;font-size: 18px;line-height: 27px\">Conoce los programas que ofrezco, lo que pienso, lo que est\u00e1 por venir, las tendencias y cualquier informaci\u00f3n relevante que pueda serte de inter\u00e9s.<\/p>\n<\/div>\n\t\t\t\t<\/div>\n\t\t\t\t<\/div>\n\t\t\t\t\t<\/div>\n\t\t<\/div>\n\t\t\t\t<div class=\"elementor-column elementor-col-50 elementor-top-column elementor-element elementor-element-2a88426\" data-id=\"2a88426\" data-element_type=\"column\" data-e-type=\"column\">\n\t\t\t<div class=\"elementor-widget-wrap elementor-element-populated\">\n\t\t\t\t\t\t<div class=\"elementor-element elementor-element-78ff1ba elementor-widget elementor-widget-wp-widget-wellmont_core_contact_form_7\" data-id=\"78ff1ba\" data-element_type=\"widget\" data-e-type=\"widget\" data-widget_type=\"wp-widget-wellmont_core_contact_form_7.default\">\n\t\t\t\t<div class=\"elementor-widget-container\">\n\t\t\t\t\t\t\t\t<div class=\"qodef-contact-form-7\">\n\t\t\t\t\n<div class=\"wpcf7 no-js\" id=\"wpcf7-f497-o1\" lang=\"en-US\" dir=\"ltr\" data-wpcf7-id=\"497\">\n<div class=\"screen-reader-response\"><p role=\"status\" aria-live=\"polite\" aria-atomic=\"true\"><\/p> <ul><\/ul><\/div>\n<form action=\"\/en\/wp-json\/wp\/v2\/pages\/2113#wpcf7-f497-o1\" method=\"post\" class=\"wpcf7-form init\" aria-label=\"Contact form\" novalidate=\"novalidate\" data-status=\"init\" data-trp-original-action=\"\/en\/wp-json\/wp\/v2\/pages\/2113#wpcf7-f497-o1\">\n<fieldset class=\"hidden-fields-container\"><input type=\"hidden\" name=\"_wpcf7\" value=\"497\" \/><input type=\"hidden\" name=\"_wpcf7_version\" value=\"6.1.5\" \/><input type=\"hidden\" name=\"_wpcf7_locale\" value=\"en_US\" \/><input type=\"hidden\" name=\"_wpcf7_unit_tag\" value=\"wpcf7-f497-o1\" \/><input type=\"hidden\" name=\"_wpcf7_container_post\" value=\"0\" \/><input type=\"hidden\" name=\"_wpcf7_posted_data_hash\" value=\"\" \/><input type=\"hidden\" name=\"_wpcf7_recaptcha_response\" value=\"\" \/>\n<\/fieldset>\n<div><span class=\"wpcf7-form-control-wrap\" data-name=\"mc4wp-NAME\"><input size=\"40\" maxlength=\"400\" class=\"wpcf7-form-control wpcf7-text wpcf7-validates-as-required\" aria-required=\"true\" aria-invalid=\"false\" placeholder=\"Nombre\" value=\"\" type=\"text\" name=\"mc4wp-NAME\" \/><\/span><\/div>\n\n<div><span class=\"wpcf7-form-control-wrap\" data-name=\"mc4wp-EMAIL\"><input size=\"40\" maxlength=\"400\" class=\"wpcf7-form-control wpcf7-email wpcf7-validates-as-required wpcf7-text wpcf7-validates-as-email\" aria-required=\"true\" aria-invalid=\"false\" placeholder=\"E-mail\" value=\"\" type=\"email\" name=\"mc4wp-EMAIL\" \/><\/span><\/div>\n\n<input type=\"hidden\" name=\"mc4wp-subscribe\" value=\"1\" \/>\n\n<div style=\"margin-top: 15px;\"><button class=\"wpcf7-form-control wpcf7-submit qodef-button qodef-size--normal qodef-layout--filled qodef-m\" type=\"submit\"><span class=\"qodef-m-text\">Suscr\u00edbete<\/span><\/button><\/div><div class=\"wpcf7-response-output\" aria-hidden=\"true\"><\/div>\n<input type=\"hidden\" name=\"trp-form-language\" value=\"en\"\/><\/form>\n<\/div>\n\t\t\t<\/div>\n\t\t\t\t\t\t\t<\/div>\n\t\t\t\t<\/div>\n\t\t\t\t\t<\/div>\n\t\t<\/div>\n\t\t\t\t\t<\/div>\n\t\t<\/section>\n\t\t\t\t<\/div>","protected":false},"excerpt":{"rendered":"<p>6 semanas de trabajo grupal Para construir una pareja real y sana para los dos No trabajamos con parejas que en situaciones actuales no puedan realmente sacar provecho de nuestro programa y necesiten otro tipo de terapia. Este programa esta\u0301 enfocado en aquellas que quieran construir sus propias formas y crear dina\u0301micas ma\u0301s sanas y [&hellip;]<\/p>\n","protected":false},"author":1,"featured_media":0,"parent":0,"menu_order":0,"comment_status":"closed","ping_status":"closed","template":"page-full-width.php","meta":{"footnotes":""},"class_list":["post-2113","page","type-page","status-publish","hentry"],"_links":{"self":[{"href":"https:\/\/sinethmelinkoff.com\/en\/wp-json\/wp\/v2\/pages\/2113","targetHints":{"allow":["GET"]}}],"collection":[{"href":"https:\/\/sinethmelinkoff.com\/en\/wp-json\/wp\/v2\/pages"}],"about":[{"href":"https:\/\/sinethmelinkoff.com\/en\/wp-json\/wp\/v2\/types\/page"}],"author":[{"embeddable":true,"href":"https:\/\/sinethmelinkoff.com\/en\/wp-json\/wp\/v2\/users\/1"}],"replies":[{"embeddable":true,"href":"https:\/\/sinethmelinkoff.com\/en\/wp-json\/wp\/v2\/comments?post=2113"}],"version-history":[{"count":280,"href":"https:\/\/sinethmelinkoff.com\/en\/wp-json\/wp\/v2\/pages\/2113\/revisions"}],"predecessor-version":[{"id":7964,"href":"https:\/\/sinethmelinkoff.com\/en\/wp-json\/wp\/v2\/pages\/2113\/revisions\/7964"}],"wp:attachment":[{"href":"https:\/\/sinethmelinkoff.com\/en\/wp-json\/wp\/v2\/media?parent=2113"}],"curies":[{"name":"wp","href":"https:\/\/api.w.org\/{rel}","templated":true}]}}